{"id":1629,"date":"2026-04-06T10:14:52","date_gmt":"2026-04-06T08:14:52","guid":{"rendered":"https:\/\/boutique.flutapa.fr\/?page_id=1629"},"modified":"2026-04-06T10:14:53","modified_gmt":"2026-04-06T08:14:53","slug":"present-pap-triple","status":"publish","type":"page","link":"https:\/\/boutique.flutapa.fr\/index.php\/present-pap-triple\/","title":{"rendered":"Pr\u00e9sent&rsquo; Pap&rsquo; Triple"},"content":{"rendered":"\n<div class=\"wp-block-group alignfull has-accent-background-color has-background has-global-padding is-layout-constrained wp-block-group-is-layout-constrained\">\n<div class=\"wp-block-columns alignwide is-layout-flex wp-container-core-columns-is-layout-3a88641f wp-block-columns-is-layout-flex\">\n<div class=\"wp-block-column has-border-color has-contrast-3-border-color has-base-2-background-color has-background is-layout-flow wp-container-core-column-is-layout-b60686c0 wp-block-column-is-layout-flow\" style=\"border-width:4px;border-top-left-radius:30px;border-top-right-radius:30px;border-bottom-left-radius:30px;border-bottom-right-radius:30px;padding-top:var(--wp--preset--spacing--10);padding-right:var(--wp--preset--spacing--10);padding-bottom:var(--wp--preset--spacing--10);padding-left:var(--wp--preset--spacing--10);box-shadow:var(--wp--preset--shadow--crisp)\">\n<div class=\"wp-block-columns is-layout-flex wp-container-core-columns-is-layout-3a88641f wp-block-columns-is-layout-flex\">\n<div class=\"wp-block-column is-layout-flow wp-block-column-is-layout-flow\" style=\"flex-basis:50%\">\n<h1 class=\"wp-block-heading\">Pr\u00e9sent&rsquo; Pap&rsquo; Simple<\/h1>\n\n\n\n<h3 class=\"wp-block-heading has-text-align-center has-text-color has-link-color wp-elements-b342c9c8bc52bc6649153bb475bf032b\" style=\"color:#ff9d00\"><strong>35,00 \u20ac pi\u00e8ce<\/strong><\/h3>\n<\/div>\n\n\n\n<div class=\"wp-block-column is-layout-flow wp-container-core-column-is-layout-c6aab7f7 wp-block-column-is-layout-flow\" style=\"flex-basis:50%\">\n<style data-wp-block-html=\"css\">\n<style>\n\n\/* Conteneur du select et bouton *\/\n#choix-presentoirs, .ajouter-panier {\n  display: block;\n  width: 100%;\n  max-width: 250px;\n  margin-bottom: 12px;\n  font-family: 'Arial', sans-serif;\n}\n\n\/* Style du menu d\u00e9roulant *\/\n#choix-presentoirs {\n  padding: 10px 12px;\n  font-size: 15px;\n  border: 2px solid #a67c52; \/* couleur bois\/papier *\/\n  border-radius: 8px;\n  background-color: #fff8f0;\n  cursor: pointer;\n  transition: border-color 0.3s, box-shadow 0.3s;\n}\n\n#choix-presentoirs:hover {\n  border-color: #8c5e3c;\n  box-shadow: 0 2px 6px rgba(0,0,0,0.1);\n}\n\n\/* Style du bouton Ajouter au panier *\/\n.ajouter-panier {\n  padding: 12px 20px;\n  font-size: 16px;\n  font-weight: bold;\n  color: #fff;\n  background-color: #a67c52; \/* couleur bois\/papier *\/\n  border: none;\n  border-radius: 10px;\n  cursor: pointer;\n  transition: background-color 0.3s, transform 0.2s, box-shadow 0.2s;\n  box-shadow: 0 4px 6px rgba(0,0,0,0.15);\n}\n\n.ajouter-panier:hover {\n  background-color: #8c5e3c;\n  transform: translateY(-2px);\n  box-shadow: 0 6px 8px rgba(0,0,0,0.2);\n}\n\n.ajouter-panier:active {\n  transform: translateY(0);\n  box-shadow: 0 4px 6px rgba(0,0,0,0.15);\n}\n<\/style>\n\n<script data-wp-block-html=\"js\">\n<script>\nconst panier = [];\nconst selectPresentoir = document.getElementById('choix-presentoir');\nconst boutonPanier = document.getElementById('ajouter-panier');\nconst listePanier = document.getElementById('liste-panier');\nconst totalElem = document.getElementById('total');\n\nboutonPanier.addEventListener('click', () => {\nselect.addEventlistener('change', () => {  const option = select.options[select.selectedIndex];\nconst lien = option.getAttribute('data-lien');\n\nif (lien) {\n  window.laccation.hash = lien;\n}\nselectPresentoir.options[selectPresentoir.selectedIndex];\n  const nom = option.dataset.nom;\n  const prix = parseFloat(option.dataset.prix);\n\n  panier.push({ nom, prix });\n\n  \/\/ Mise \u00e0 jour du panier affich\u00e9\n  listePanier.innerHTML = '';\n  let total = 0;\n  panier.forEach(item => {\n    const li = document.createElement('li');\n    li.textContent = item.nom + ' - ' + item.prix + '\u20ac';\n    listePanier.appendChild(li);\n    total += item.prix;\n  });\n  totalElem.textContent = total.toFixed(2);\n});\n<\/script>\n\n<!-- Menu d\u00e9roulant 1 : diam\u00e8tre -->\n<label for=\"choix-diametre\" style=\"color:#fff8e0; font-weight:bold; display:block; margin-bottom:8px;\">\n  Choisissez le \u00f8 du Pr\u00e9sent' Pap' :\n<\/label>\n<select id=\"choix-diametre\" style=\"padding:10px 12px; border-radius:8px; border:2px solid #a67c52; background-color:#4f3f2b; color:#fff8e0; margin-bottom:12px; cursor:pointer;\">\n  <option value=\"\">S\u00e9lectionnez un diam\u00e8tre<\/option>\n  <option value=\"8mm\">\u00f8 8mm<\/option>\n<\/select>\n\n<!-- Menu d\u00e9roulant 2 : pr\u00e9sentoir sp\u00e9cifique, mis \u00e0 jour selon le diam\u00e8tre choisi -->\n<label for=\"choix-presentoir\" style=\"color:#fff8e0; font-weight:bold; display:block; margin-bottom:8px;\">\n  Choisissez le Pr\u00e9sent' Pap' Simple :\n<\/label>\n<select id=\"choix-presentoir\" style=\"padding:10px 12px; border-radius:8px; border:2px solid #a67c52; background-color:#4f3f2b; color:#fff8e0; margin-bottom:12px; cursor:pointer;\">\n  <option value=\"\">S\u00e9lectionnez un mod\u00e8le<\/option>\n<\/select>\n\n<!-- Bouton Ajouter au panier -->\n<button class=\"ajouter-panier\" data-produit=\"\" style=\"padding:12px 20px; background-color:#a67c52; color:#fff8e0; font-weight:bold; border:none; border-radius:10px; cursor:pointer; font-size:16px;\">\n  Ajouter au panier \ud83d\uded2\n<\/button>\n\n<!-- JS pour lier les deux menus et le bouton -->\n<script>\nconst diametreSelect = document.getElementById('choix-diametre');\nconst presentoirSelect = document.getElementById('choix-presentoir');\nconst boutonPanier = document.querySelector('.ajouter-panier');\n\n\/\/ Liste des pr\u00e9sentoirs par diam\u00e8tre\nconst presentoirsParDiametre = {\n   \"8mm\": [\n  {value:\"present_pap_triple_108_25\", nom:\"Pr\u00e9sent' Pap' Triple n\u00b0 s-108.25\", lien:\"#s-108.25\"}\n]\n};\n\n\/\/ Quand le diam\u00e8tre change, mettre \u00e0 jour le deuxi\u00e8me menu\ndiametreSelect.addEventListener('change', () => {\n  const diam = diametreSelect.value;\n  presentoirSelect.innerHTML = '<option value=\"\">S\u00e9lectionnez un pr\u00e9sentoir<\/option>';\n  if(diam && presentoirsParDiametre[diam]) {\n    presentoirsParDiametre[diam].forEach(p => {\n      const opt = document.createElement('option');\n      opt.value = p.value;\n      opt.textContent = p.nom;\n      presentoirSelect.appendChild(opt);\n    });\n  }\n  \/\/ R\u00e9initialiser le bouton\n  boutonPanier.dataset.produit = '';\n});\n\n\/\/ Quand un pr\u00e9sentoir est choisi, mettre \u00e0 jour le bouton\npresentoirSelect.addEventListener('change', () => {\n  boutonPanier.dataset.produit = presentoirSelect.value;\n\n  const selected = presentoirsParDiametre[diametreSelect.value].find(p => p.value === presentoirSelect.value);\n  if(selected && selected.lien) {\n    window.location.hash = selected.lien; \/\/ descend \u00e0 la fiche\n  }\n});\n<\/script>\n<\/div>\n<\/div>\n\n\n\n<div style=\"height:20px\" aria-hidden=\"true\" class=\"wp-block-spacer\"><\/div>\n\n\n\n<ul style=\"padding-left:var(--wp--preset--spacing--50)\" class=\"wp-block-list is-style-checkmark-list has-inter-font-family has-small-font-size\">\n<li>con\u00e7u pour mettre en valeur vos fl\u00fbtes de mani\u00e8re \u00e9l\u00e9gante et naturelle<\/li>\n\n\n\n<li>pens\u00e9 pour \u00eatre pratique et l\u00e9ger<\/li>\n\n\n\n<li>\u00e0 emporter partout<\/li>\n\n\n\n<li>fabriqu\u00e9e avec soin \u00e0 la main \u00e0 l'atelier Fl\u00fbt' A Pa' en France<\/li>\n<\/ul>\n\n\n\n<div style=\"height:20px\" aria-hidden=\"true\" class=\"wp-block-spacer\"><\/div>\n\n\n\n<p class=\"has-text-align-center wp-block-paragraph\">Chaque Pr\u00e9sent' Pap' Triple est vendu avec trois b\u00e2tons : 1 de 140mm et 2 de 80mm de haut<\/p>\n<\/div>\n<\/div>\n\n\n\n<p class=\"wp-block-paragraph\"><\/p>\n\n\n\n<div class=\"wp-block-group alignwide is-nowrap is-layout-flex wp-container-core-group-is-layout-ac2587c5 wp-block-group-is-layout-flex\" style=\"border-top-left-radius:30px;border-top-right-radius:30px;border-bottom-left-radius:30px;border-bottom-right-radius:30px;margin-top:0;margin-bottom:0;padding-top:0;padding-right:0;padding-bottom:0;padding-left:0\">\n<div class=\"wp-block-group alignwide has-border-color has-global-padding is-layout-constrained wp-container-core-group-is-layout-9c875d3c wp-block-group-is-layout-constrained\" style=\"border-color:#909090;border-width:4px;border-top-left-radius:30px;border-top-right-radius:30px;border-bottom-left-radius:30px;border-bottom-right-radius:30px;min-height:0px;margin-top:0;margin-bottom:0;padding-top:0;padding-right:0px;padding-bottom:0;padding-left:0px;box-shadow:var(--wp--preset--shadow--crisp)\">\n<div class=\"wp-block-columns alignfull has-base-2-background-color has-background is-layout-flex wp-container-core-columns-is-layout-db3532fe wp-block-columns-is-layout-flex\" style=\"border-top-left-radius:30px;border-top-right-radius:30px;border-bottom-left-radius:30px;border-bottom-right-radius:30px;margin-top:0;margin-bottom:0;padding-top:0;padding-right:0;padding-bottom:0;padding-left:0\">\n<div class=\"wp-block-column is-vertically-aligned-center is-layout-flow wp-block-column-is-layout-flow\" style=\"flex-basis:10%\">\n<p class=\"has-text-align-right has-xx-large-font-size wp-block-paragraph\"> \ud83d\udc40<\/p>\n<\/div>\n\n\n\n<div class=\"wp-block-column is-vertically-aligned-center is-layout-flow wp-block-column-is-layout-flow\" style=\"flex-basis:50%\">\n<p class=\"wp-block-paragraph\">Comment choisir ? cela va d\u00e9pendre de votre ressenti ainsi que de  vos besoins....<\/p>\n<\/div>\n<\/div>\n<\/div>\n<\/div>\n\n\n\n<div class=\"wp-block-columns alignwide is-layout-flex wp-container-core-columns-is-layout-3a88641f wp-block-columns-is-layout-flex\">\n<div class=\"wp-block-column is-layout-flow wp-block-column-is-layout-flow\" style=\"flex-basis:50%\">\n<div class=\"wp-block-group alignfull has-global-padding is-layout-constrained wp-block-group-is-layout-constrained\">\n<div class=\"wp-block-group has-border-color has-contrast-3-border-color has-base-2-background-color has-background has-heading-font-family has-global-padding is-content-justification-left is-layout-constrained wp-container-core-group-is-layout-2e53e4ac wp-block-group-is-layout-constrained\" style=\"border-width:4px;border-top-left-radius:30px;border-top-right-radius:30px;border-bottom-left-radius:30px;border-bottom-right-radius:30px;margin-top:var(--wp--preset--spacing--10);margin-bottom:var(--wp--preset--spacing--10);padding-top:0;padding-right:var(--wp--preset--spacing--10);padding-bottom:0;padding-left:var(--wp--preset--spacing--10);box-shadow:var(--wp--preset--shadow--crisp)\">\n<div class=\"wp-block-group has-global-padding is-layout-constrained wp-block-group-is-layout-constrained\">\n<p class=\"wp-block-paragraph\">\ud83c\udfaf le \u2205 int\u00e9rieur de votre fl\u00fbte<\/p>\n\n\n\n<div class=\"wp-block-group has-global-padding is-layout-constrained wp-block-group-is-layout-constrained\">\n<div class=\"wp-block-group has-small-font-size has-global-padding is-layout-constrained wp-block-group-is-layout-constrained\">\n<p class=\"wp-block-paragraph\">\u2022 Petit \u2205 \u2243 10mm \u2192  Pr\u00e9sent' Pap' Simple - \u2205 entre 6 et 8 mm<br>\u2022 \u2205 moyen \u2243 13mm \u2192 Pr\u00e9sent\u2019 Pap' Simple - \u2205 entre 10 et 12mm<br>\u2022 Grand \u2205  \u2243 17mm ou plus \u2192 Pr\u00e9sent\u2019 Pap' Simple - \u2205 18mm ou plus<\/p>\n<\/div>\n<\/div>\n<\/div>\n<\/div>\n<\/div>\n<\/div>\n\n\n\n<div class=\"wp-block-column is-layout-flow wp-block-column-is-layout-flow\" style=\"flex-basis:50%\">\n<div class=\"wp-block-group has-border-color has-base-2-background-color has-background has-heading-font-family has-global-padding is-layout-constrained wp-container-core-group-is-layout-c61b968b wp-block-group-is-layout-constrained\" style=\"border-color:#909090;border-width:3px;border-top-left-radius:32px;border-top-right-radius:32px;border-bottom-left-radius:32px;border-bottom-right-radius:32px;min-height:0px;margin-top:0;margin-bottom:0;padding-top:var(--wp--preset--spacing--10);padding-right:var(--wp--preset--spacing--30);padding-bottom:var(--wp--preset--spacing--10);padding-left:var(--wp--preset--spacing--30);font-size:clamp(14px, 0.875rem + ((1vw - 3.2px) * 0.208), 16px);box-shadow:var(--wp--preset--shadow--crisp)\">\n<p class=\"wp-block-paragraph\"><i class=\"fa fa-fal fa-info-circle fa-3x \" ><\/i><\/p>\n\n\n\n<p class=\"wp-block-paragraph\">dans tous les cas je reste \u00e0 votre disposition pour vous aider \u00e0 choisir le Pr\u00e9sent' Pap' qui vous conviendra le mieux, ou encore de fabriquer celui dont vous r\u00eaver....<a href=\"https:\/\/www.flutapa.fr\/ninja-forms\/168hgr\" data-type=\"link\" data-id=\"https:\/\/www.flutapa.fr\/ninja-forms\/168hgr\">\ud83d\udcec<\/a><\/p>\n<\/div>\n<\/div>\n<\/div>\n\n\n\n<p class=\"has-text-align-center alignfull has-medium-font-size wp-block-paragraph\">Sur cette page je vous pr\u00e9sente des <strong>Pr\u00e9sent' Pap' Triple en situation<\/strong>, avec des <strong>suggestions de fl\u00fbtes compatibles<\/strong>.<\/p>\n\n\n\n<p class=\"has-text-align-center alignfull wp-block-paragraph\">Ces suggestions sont indicatives, chaque Pr\u00e9sen't Pap' peut \u00eatre adapt\u00e9 \u00e0 votre fl\u00fbte.<\/p>\n\n\n\n<div style=\"height:20px\" aria-hidden=\"true\" class=\"wp-block-spacer\"><\/div>\n<\/div>\n\n\n\n<div class=\"wp-block-columns alignfull is-layout-flex wp-container-core-columns-is-layout-3a88641f wp-block-columns-is-layout-flex\">\n<div class=\"wp-block-column is-layout-flow wp-block-column-is-layout-flow\"><\/div>\n\n\n\n<div class=\"wp-block-column has-border-color has-base-2-color has-contrast-background-color has-text-color has-background has-link-color has-heading-font-family wp-elements-7ea603b61a97fee921f3826f65a86cf8 is-layout-flow wp-container-core-column-is-layout-8ffb0847 wp-block-column-is-layout-flow\" style=\"border-color:#B7B7B7;border-top-left-radius:30px;border-top-right-radius:30px;border-bottom-left-radius:30px;border-bottom-right-radius:30px;padding-top:var(--wp--preset--spacing--10);padding-right:var(--wp--preset--spacing--10);padding-bottom:var(--wp--preset--spacing--10);padding-left:var(--wp--preset--spacing--10)\">\n<div class=\"wp-block-columns is-layout-flex wp-container-core-columns-is-layout-3a88641f wp-block-columns-is-layout-flex\">\n<div class=\"wp-block-column is-layout-flow wp-block-column-is-layout-flow\" style=\"flex-basis:75%\">\n<figure data-wp-context=\"{&quot;imageId&quot;:&quot;69f1c85f89f9a&quot;}\" data-wp-interactive=\"core\/image\" data-wp-key=\"69f1c85f89f9a\" class=\"wp-block-image aligncenter size-full is-resized wp-lightbox-container\" id=\"s-108.25\"><img loading=\"lazy\" decoding=\"async\" width=\"830\" height=\"830\" data-wp-class--hide=\"state.isContentHidden\" data-wp-class--show=\"state.isContentVisible\" data-wp-init=\"callbacks.setButtonStyles\" data-wp-on--click=\"actions.showLightbox\" data-wp-on--load=\"callbacks.setButtonStyles\" data-wp-on--pointerdown=\"actions.preloadImage\" data-wp-on--pointerenter=\"actions.preloadImageWithDelay\" data-wp-on--pointerleave=\"actions.cancelPreload\" data-wp-on-window--resize=\"callbacks.setButtonStyles\" src=\"https:\/\/boutique.flutapa.fr\/wp-content\/uploads\/2026\/04\/s-108.25-p.p.t.8-IB.webp\" alt=\"\" class=\"wp-image-1607\" style=\"width:172px;height:auto\" srcset=\"https:\/\/boutique.flutapa.fr\/wp-content\/uploads\/2026\/04\/s-108.25-p.p.t.8-IB.webp 830w, https:\/\/boutique.flutapa.fr\/wp-content\/uploads\/2026\/04\/s-108.25-p.p.t.8-IB-250x250.webp 250w, https:\/\/boutique.flutapa.fr\/wp-content\/uploads\/2026\/04\/s-108.25-p.p.t.8-IB-150x150.webp 150w, https:\/\/boutique.flutapa.fr\/wp-content\/uploads\/2026\/04\/s-108.25-p.p.t.8-IB-768x768.webp 768w\" sizes=\"auto, (max-width: 830px) 100vw, 830px\" \/><button\n\t\t\tclass=\"lightbox-trigger\"\n\t\t\ttype=\"button\"\n\t\t\taria-haspopup=\"dialog\"\n\t\t\tdata-wp-bind--aria-label=\"state.thisImage.triggerButtonAriaLabel\"\n\t\t\tdata-wp-init=\"callbacks.initTriggerButton\"\n\t\t\tdata-wp-on--click=\"actions.showLightbox\"\n\t\t\tdata-wp-style--right=\"state.thisImage.buttonRight\"\n\t\t\tdata-wp-style--top=\"state.thisImage.buttonTop\"\n\t\t>\n\t\t\t<svg xmlns=\"http:\/\/www.w3.org\/2000\/svg\" width=\"12\" height=\"12\" fill=\"none\" viewBox=\"0 0 12 12\">\n\t\t\t\t<path fill=\"#fff\" d=\"M2 0a2 2 0 0 0-2 2v2h1.5V2a.5.5 0 0 1 .5-.5h2V0H2Zm2 10.5H2a.5.5 0 0 1-.5-.5V8H0v2a2 2 0 0 0 2 2h2v-1.5ZM8 12v-1.5h2a.5.5 0 0 0 .5-.5V8H12v2a2 2 0 0 1-2 2H8Zm2-12a2 2 0 0 1 2 2v2h-1.5V2a.5.5 0 0 0-.5-.5H8V0h2Z\" \/>\n\t\t\t<\/svg>\n\t\t<\/button><\/figure>\n<\/div>\n\n\n\n<div class=\"wp-block-column is-layout-flow wp-block-column-is-layout-flow\" style=\"flex-basis:25%\">\n<style data-wp-block-html=\"css\">\n.info-container {\n  display: flex;\n  align-items: center;\n  gap: 8px; \/* espace entre l\u2019ic\u00f4ne et le texte *\/\n  font-family: 'Inter', sans-serif; \/* applique Inter \u00e0 tout le texte *\/\n}\n\n.info-icon {\n  display: inline-flex;\n  align-items: center;\n  justify-content: center;\n  width: 40px;\n  height: 40px;\n  border-radius: 50%;\n  background: linear-gradient(135deg, #4facfe, #5f584f);\n  color: white;\n  font-weight: bold;\n  cursor: pointer;\n  box-shadow: 0 4px 10px rgba(0,0,0,0.2);\n  transition: transform 0.2s ease, box-shadow 0.2s ease;\n}\n\n.info-icon:hover {\n  transform: scale(1.1);\n  box-shadow: 0 6px 14px rgba(0,0,0,0.3);\n}\n\n.dimension-text {\n  font-weight: 500; \/* ajustable selon ton design *\/\n  font-size: 16px;  \/* ajustable selon ton design *\/\n}\n<\/style>\n\n<div class=\"info-container\">\n  <div class=\"info-icon\">\u00f8 8<\/div>\n  <span class=\"dimension-text\"> <\/span>\n<\/div>\n<\/div>\n<\/div>\n\n\n\n<div class=\"wp-block-group has-global-padding is-layout-constrained wp-container-core-group-is-layout-90edb088 wp-block-group-is-layout-constrained\">\n<p class=\"has-text-align-center has-accent-3-color has-text-color has-link-color has-small-font-size wp-elements-aaa56ce4481a9f378b7681b401eca8a3 wp-block-paragraph\"><strong>Pr\u00e9sent' Pap' Triple<\/strong><\/p>\n\n\n\n<p class=\"has-text-align-center has-base-2-color has-text-color has-link-color wp-elements-b700dcff97e844f10401df6a9a259b91 wp-block-paragraph\" style=\"font-size:14px\"><strong>n\u00b0 s-108.25<\/strong><\/p>\n<\/div>\n\n\n\n<hr class=\"wp-block-separator aligncenter has-text-color has-accent-color has-alpha-channel-opacity has-accent-background-color has-background\"\/>\n\n\n\n<p class=\"has-text-align-center has-text-color has-link-color wp-elements-f8635e0cfc375da94a1e476e533eaa79 wp-block-paragraph\" style=\"color:#444cab\"><strong>Prix unitaire : 35\u20ac<\/strong><\/p>\n\n\n\n<style data-wp-block-html=\"css\">\n\/* Style du bouton Ajouter au panier *\/\n.ajouter-panier {\n  padding: 12px 20px;\n  font-size: 16px;\n  font-weight: bold;\n  color: #fff;\n  background-color: #a67c52; \/* couleur bois\/papier *\/\n  border: none;\n  border-radius: 10px;\n  cursor: pointer;\n  transition: background-color 0.3s, transform 0.2s, box-shadow 0.2s;\n  box-shadow: 0 4px 6px rgba(0,0,0,0.15);\n}\n\n.ajouter-panier {\n  display: block;\n  margin: 10px auto; \/* top\/bottom = 10px, left\/right = auto pour centrer *\/\n}\n<\/style>\n\n<button class=\"ajouter-panier\" data-produit=\"present_pap_triple_108_25\">Ajouter au panier \ud83d\uded2<\/button>\n\n\n\n<hr class=\"wp-block-separator aligncenter has-text-color has-accent-color has-alpha-channel-opacity has-accent-background-color has-background\"\/>\n\n\n\n<p class=\"has-text-align-center has-small-font-size wp-block-paragraph\">\ud83e\udeb6 Id\u00e9al pour votre Pap' Harmonia avec 2 becs<\/p>\n\n\n\n<div class=\"wp-block-columns is-layout-flex wp-container-core-columns-is-layout-3a88641f wp-block-columns-is-layout-flex\">\n<div class=\"wp-block-column is-layout-flow wp-block-column-is-layout-flow\">\n<figure data-wp-context=\"{&quot;imageId&quot;:&quot;69f1c85f8a912&quot;}\" data-wp-interactive=\"core\/image\" data-wp-key=\"69f1c85f8a912\" class=\"wp-block-image aligncenter size-full wp-lightbox-container\"><img loading=\"lazy\" decoding=\"async\" width=\"630\" height=\"630\" data-wp-class--hide=\"state.isContentHidden\" data-wp-class--show=\"state.isContentVisible\" data-wp-init=\"callbacks.setButtonStyles\" data-wp-on--click=\"actions.showLightbox\" data-wp-on--load=\"callbacks.setButtonStyles\" data-wp-on--pointerdown=\"actions.preloadImage\" data-wp-on--pointerenter=\"actions.preloadImageWithDelay\" data-wp-on--pointerleave=\"actions.cancelPreload\" data-wp-on-window--resize=\"callbacks.setButtonStyles\" src=\"https:\/\/boutique.flutapa.fr\/wp-content\/uploads\/2026\/04\/106.25-F-G-pap-H-s-108.25-p.p.t.8-IS.webp\" alt=\"\" class=\"wp-image-1603\" srcset=\"https:\/\/boutique.flutapa.fr\/wp-content\/uploads\/2026\/04\/106.25-F-G-pap-H-s-108.25-p.p.t.8-IS.webp 630w, https:\/\/boutique.flutapa.fr\/wp-content\/uploads\/2026\/04\/106.25-F-G-pap-H-s-108.25-p.p.t.8-IS-250x250.webp 250w, https:\/\/boutique.flutapa.fr\/wp-content\/uploads\/2026\/04\/106.25-F-G-pap-H-s-108.25-p.p.t.8-IS-150x150.webp 150w\" sizes=\"auto, (max-width: 630px) 100vw, 630px\" \/><button\n\t\t\tclass=\"lightbox-trigger\"\n\t\t\ttype=\"button\"\n\t\t\taria-haspopup=\"dialog\"\n\t\t\tdata-wp-bind--aria-label=\"state.thisImage.triggerButtonAriaLabel\"\n\t\t\tdata-wp-init=\"callbacks.initTriggerButton\"\n\t\t\tdata-wp-on--click=\"actions.showLightbox\"\n\t\t\tdata-wp-style--right=\"state.thisImage.buttonRight\"\n\t\t\tdata-wp-style--top=\"state.thisImage.buttonTop\"\n\t\t>\n\t\t\t<svg xmlns=\"http:\/\/www.w3.org\/2000\/svg\" width=\"12\" height=\"12\" fill=\"none\" viewBox=\"0 0 12 12\">\n\t\t\t\t<path fill=\"#fff\" d=\"M2 0a2 2 0 0 0-2 2v2h1.5V2a.5.5 0 0 1 .5-.5h2V0H2Zm2 10.5H2a.5.5 0 0 1-.5-.5V8H0v2a2 2 0 0 0 2 2h2v-1.5ZM8 12v-1.5h2a.5.5 0 0 0 .5-.5V8H12v2a2 2 0 0 1-2 2H8Zm2-12a2 2 0 0 1 2 2v2h-1.5V2a.5.5 0 0 0-.5-.5H8V0h2Z\" \/>\n\t\t\t<\/svg>\n\t\t<\/button><figcaption class=\"wp-element-caption\"><strong><mark style=\"background-color:rgba(0, 0, 0, 0)\" class=\"has-inline-color has-accent-2-color\"><a href=\"https:\/\/boutique.flutapa.fr\/index.php\/pap-harmonia\/#106.25\" data-type=\"page\" data-id=\"1575\">106.25<\/a><\/mark><\/strong><\/figcaption><\/figure>\n<\/div>\n\n\n\n<div class=\"wp-block-column is-layout-flow wp-block-column-is-layout-flow\"><\/div>\n\n\n\n<div class=\"wp-block-column is-layout-flow wp-block-column-is-layout-flow\"><\/div>\n\n\n\n<div class=\"wp-block-column is-layout-flow wp-block-column-is-layout-flow\"><\/div>\n\n\n\n<div class=\"wp-block-column is-layout-flow wp-block-column-is-layout-flow\"><\/div>\n<\/div>\n<\/div>\n\n\n\n<div class=\"wp-block-column is-layout-flow wp-block-column-is-layout-flow\"><\/div>\n<\/div>\n","protected":false},"excerpt":{"rendered":"<p>Pr\u00e9sent&rsquo; Pap&rsquo; Simple 35,00 \u20ac pi\u00e8ce Choisissez le \u00f8 du Pr\u00e9sent&rsquo; Pap&rsquo; : S\u00e9lectionnez un diam\u00e8tre\u00f8 8mm Choisissez le Pr\u00e9sent&rsquo; Pap&rsquo; Simple : S\u00e9lectionnez un mod\u00e8le Ajouter au panier \ud83d\uded2 Chaque Pr\u00e9sent&rsquo; Pap&rsquo; Triple est vendu avec trois b\u00e2tons : 1 de 140mm et 2 de 80mm de haut \ud83d\udc40 Comment choisir ? cela va [&hellip;]<\/p>\n","protected":false},"author":1,"featured_media":0,"parent":0,"menu_order":0,"comment_status":"closed","ping_status":"closed","template":"","meta":{"_crdt_document":"","footnotes":""},"class_list":["post-1629","page","type-page","status-publish","hentry"],"_links":{"self":[{"href":"https:\/\/boutique.flutapa.fr\/index.php\/wp-json\/wp\/v2\/pages\/1629","targetHints":{"allow":["GET"]}}],"collection":[{"href":"https:\/\/boutique.flutapa.fr\/index.php\/wp-json\/wp\/v2\/pages"}],"about":[{"href":"https:\/\/boutique.flutapa.fr\/index.php\/wp-json\/wp\/v2\/types\/page"}],"author":[{"embeddable":true,"href":"https:\/\/boutique.flutapa.fr\/index.php\/wp-json\/wp\/v2\/users\/1"}],"replies":[{"embeddable":true,"href":"https:\/\/boutique.flutapa.fr\/index.php\/wp-json\/wp\/v2\/comments?post=1629"}],"version-history":[{"count":1,"href":"https:\/\/boutique.flutapa.fr\/index.php\/wp-json\/wp\/v2\/pages\/1629\/revisions"}],"predecessor-version":[{"id":1833,"href":"https:\/\/boutique.flutapa.fr\/index.php\/wp-json\/wp\/v2\/pages\/1629\/revisions\/1833"}],"wp:attachment":[{"href":"https:\/\/boutique.flutapa.fr\/index.php\/wp-json\/wp\/v2\/media?parent=1629"}],"curies":[{"name":"wp","href":"https:\/\/api.w.org\/{rel}","templated":true}]}}