{"id":1628,"date":"2026-04-03T14:22:20","date_gmt":"2026-04-03T12:22:20","guid":{"rendered":"https:\/\/boutique.flutapa.fr\/?page_id=1628"},"modified":"2026-04-07T14:27:18","modified_gmt":"2026-04-07T12:27:18","slug":"accessoires","status":"publish","type":"page","link":"https:\/\/boutique.flutapa.fr\/index.php\/accessoires\/","title":{"rendered":"Accessoires"},"content":{"rendered":"\n<div class=\"wp-block-group alignfull has-global-padding is-layout-constrained wp-container-core-group-is-layout-0759c396 wp-block-group-is-layout-constrained\" style=\"margin-top:0;margin-bottom:0;padding-top:var(--wp--preset--spacing--50);padding-right:var(--wp--preset--spacing--50);padding-bottom:var(--wp--preset--spacing--50);padding-left:var(--wp--preset--spacing--50)\">\n<div class=\"wp-block-group alignfull has-accent-background-color has-background has-global-padding is-layout-constrained wp-container-core-group-is-layout-90edb088 wp-block-group-is-layout-constrained\">\n<h1 class=\"wp-block-heading has-text-align-center alignfull\" style=\"font-size:clamp(50.171px, 3.136rem + ((1vw - 3.2px) * 5.191), 100px);\">Les Accessoires<\/h1>\n\n\n\n<p class=\"has-text-align-center alignfull wp-block-paragraph\">Retrouvez ici les Accessoires pour vos fl\u00fbtes fabriqu\u00e9s \u00e0 l&rsquo;atelier par mes soins<\/p>\n<\/div>\n\n\n\n<div style=\"height:36px\" aria-hidden=\"true\" class=\"wp-block-spacer\"><\/div>\n\n\n\n<h1 class=\"wp-block-heading alignfull has-xx-large-font-size\" style=\"text-decoration:underline\">Pr\u00e9sent&rsquo; Pap&rsquo; &#8211; Simple &#8211; Double &#8211; Triple<\/h1>\n\n\n\n<div style=\"height:20px\" aria-hidden=\"true\" class=\"wp-block-spacer\"><\/div>\n\n\n\n<div class=\"wp-block-columns alignwide is-layout-flex wp-container-core-columns-is-layout-694ead9e wp-block-columns-is-layout-flex\" style=\"margin-top:0;margin-bottom:0\">\n<div class=\"wp-block-column is-layout-flow wp-container-core-column-is-layout-c6aab7f7 wp-block-column-is-layout-flow\">\n<div class=\"wp-block-cover aligncenter has-custom-content-position is-position-top-right\" style=\"padding-left:var(--wp--preset--spacing--20)\"><img loading=\"lazy\" decoding=\"async\" width=\"830\" height=\"830\" class=\"wp-block-cover__image-background wp-image-1245\" alt=\"\" src=\"https:\/\/boutique.flutapa.fr\/wp-content\/uploads\/2026\/03\/s-005.26-p.p.s.16.webp\" data-object-fit=\"cover\" srcset=\"https:\/\/boutique.flutapa.fr\/wp-content\/uploads\/2026\/03\/s-005.26-p.p.s.16.webp 830w, https:\/\/boutique.flutapa.fr\/wp-content\/uploads\/2026\/03\/s-005.26-p.p.s.16-250x250.webp 250w, https:\/\/boutique.flutapa.fr\/wp-content\/uploads\/2026\/03\/s-005.26-p.p.s.16-150x150.webp 150w, https:\/\/boutique.flutapa.fr\/wp-content\/uploads\/2026\/03\/s-005.26-p.p.s.16-768x768.webp 768w\" sizes=\"auto, (max-width: 830px) 100vw, 830px\" \/><span aria-hidden=\"true\" class=\"wp-block-cover__background has-background-dim-0 has-background-dim\"><\/span><div class=\"wp-block-cover__inner-container is-layout-flow wp-block-cover-is-layout-flow\">\n<h1 class=\"wp-block-heading has-text-align-center has-x-large-font-size\"><strong><a href=\"https:\/\/boutique.flutapa.fr\/index.php\/present-pap-simple\/\" data-type=\"page\" data-id=\"1017\">Simple<\/a><\/strong><\/h1>\n<\/div><\/div>\n\n\n\n<div style=\"height:var(--wp--preset--spacing--50)\" aria-hidden=\"true\" class=\"wp-block-spacer\"><\/div>\n<\/div>\n\n\n\n<div class=\"wp-block-column is-layout-flow wp-container-core-column-is-layout-c6aab7f7 wp-block-column-is-layout-flow\">\n<div style=\"height:43px\" aria-hidden=\"true\" class=\"wp-block-spacer\"><\/div>\n\n\n\n<div class=\"wp-block-cover has-custom-content-position is-position-top-right\" style=\"padding-right:var(--wp--preset--spacing--30)\"><img loading=\"lazy\" decoding=\"async\" width=\"830\" height=\"830\" class=\"wp-block-cover__image-background wp-image-1498\" alt=\"\" src=\"https:\/\/boutique.flutapa.fr\/wp-content\/uploads\/2026\/03\/s-013.26-p.p.d.f.12v1.webp\" data-object-fit=\"cover\" srcset=\"https:\/\/boutique.flutapa.fr\/wp-content\/uploads\/2026\/03\/s-013.26-p.p.d.f.12v1.webp 830w, https:\/\/boutique.flutapa.fr\/wp-content\/uploads\/2026\/03\/s-013.26-p.p.d.f.12v1-250x250.webp 250w, https:\/\/boutique.flutapa.fr\/wp-content\/uploads\/2026\/03\/s-013.26-p.p.d.f.12v1-150x150.webp 150w, https:\/\/boutique.flutapa.fr\/wp-content\/uploads\/2026\/03\/s-013.26-p.p.d.f.12v1-768x768.webp 768w\" sizes=\"auto, (max-width: 830px) 100vw, 830px\" \/><span aria-hidden=\"true\" class=\"wp-block-cover__background has-background-dim-0 has-background-dim\"><\/span><div class=\"wp-block-cover__inner-container is-layout-flow wp-block-cover-is-layout-flow\">\n<h1 class=\"wp-block-heading has-text-align-center has-x-large-font-size\"><strong><a href=\"https:\/\/boutique.flutapa.fr\/index.php\/present-pap-double-fixe\/\" data-type=\"page\" data-id=\"1020\">Double Fixe<\/a><\/strong><\/h1>\n<\/div><\/div>\n\n\n\n<div style=\"height:var(--wp--preset--spacing--50)\" aria-hidden=\"true\" class=\"wp-block-spacer\"><\/div>\n<\/div>\n<\/div>\n\n\n\n<div class=\"wp-block-columns alignwide is-layout-flex wp-container-core-columns-is-layout-3a88641f wp-block-columns-is-layout-flex\">\n<div class=\"wp-block-column is-layout-flow wp-block-column-is-layout-flow\" style=\"flex-basis:25%\">\n<div class=\"wp-block-cover has-custom-content-position is-position-top-center\" style=\"box-shadow:var(--wp--preset--shadow--crisp)\"><img loading=\"lazy\" decoding=\"async\" width=\"830\" height=\"830\" class=\"wp-block-cover__image-background wp-image-1253\" alt=\"\" src=\"https:\/\/boutique.flutapa.fr\/wp-content\/uploads\/2026\/03\/s-017.26-dp14-1.webp\" data-object-fit=\"cover\" srcset=\"https:\/\/boutique.flutapa.fr\/wp-content\/uploads\/2026\/03\/s-017.26-dp14-1.webp 830w, https:\/\/boutique.flutapa.fr\/wp-content\/uploads\/2026\/03\/s-017.26-dp14-1-250x250.webp 250w, https:\/\/boutique.flutapa.fr\/wp-content\/uploads\/2026\/03\/s-017.26-dp14-1-150x150.webp 150w, https:\/\/boutique.flutapa.fr\/wp-content\/uploads\/2026\/03\/s-017.26-dp14-1-768x768.webp 768w\" sizes=\"auto, (max-width: 830px) 100vw, 830px\" \/><span aria-hidden=\"true\" class=\"wp-block-cover__background has-background-dim-0 has-background-dim\"><\/span><div class=\"wp-block-cover__inner-container is-layout-flow wp-block-cover-is-layout-flow\">\n<p class=\"has-text-align-right has-medium-font-size wp-block-paragraph\"><strong><a href=\"https:\/\/boutique.flutapa.fr\/index.php\/present-pap-double-pliable\/\" data-type=\"page\" data-id=\"1251\">Double pliable<\/a><\/strong><\/p>\n<\/div><\/div>\n<\/div>\n\n\n\n<div class=\"wp-block-column is-layout-flow wp-block-column-is-layout-flow\" style=\"flex-basis:25%\">\n<div style=\"height:500px\" aria-hidden=\"true\" class=\"wp-block-spacer\"><\/div>\n<\/div>\n\n\n\n<div class=\"wp-block-column is-layout-flow wp-block-column-is-layout-flow\" style=\"flex-basis:45%\">\n<div class=\"wp-block-cover has-custom-content-position is-position-top-right has-x-large-font-size\" style=\"padding-right:var(--wp--preset--spacing--20)\"><img loading=\"lazy\" decoding=\"async\" width=\"830\" height=\"830\" class=\"wp-block-cover__image-background wp-image-1607\" alt=\"\" src=\"https:\/\/boutique.flutapa.fr\/wp-content\/uploads\/2026\/04\/s-108.25-p.p.t.8-IB.webp\" data-object-fit=\"cover\" srcset=\"https:\/\/boutique.flutapa.fr\/wp-content\/uploads\/2026\/04\/s-108.25-p.p.t.8-IB.webp 830w, https:\/\/boutique.flutapa.fr\/wp-content\/uploads\/2026\/04\/s-108.25-p.p.t.8-IB-250x250.webp 250w, https:\/\/boutique.flutapa.fr\/wp-content\/uploads\/2026\/04\/s-108.25-p.p.t.8-IB-150x150.webp 150w, https:\/\/boutique.flutapa.fr\/wp-content\/uploads\/2026\/04\/s-108.25-p.p.t.8-IB-768x768.webp 768w\" sizes=\"auto, (max-width: 830px) 100vw, 830px\" \/><span aria-hidden=\"true\" class=\"wp-block-cover__background has-background-dim-0 has-background-dim\"><\/span><div class=\"wp-block-cover__inner-container is-layout-flow wp-block-cover-is-layout-flow\">\n<p class=\"has-text-align-center has-large-font-size wp-block-paragraph\"><strong><a href=\"https:\/\/boutique.flutapa.fr\/index.php\/present-pap-triple\/\" data-type=\"page\" data-id=\"1629\">Triple<\/a><\/strong><\/p>\n<\/div><\/div>\n\n\n\n<div style=\"height:285px\" aria-hidden=\"true\" class=\"wp-block-spacer\"><\/div>\n<\/div>\n<\/div>\n\n\n\n<div class=\"wp-block-cover has-custom-content-position is-position-top-right has-aspect-ratio\" style=\"padding-right:var(--wp--preset--spacing--50);aspect-ratio:1;height:unset;min-height:unset;\"><img decoding=\"async\" class=\"wp-block-cover__image-background wp-image-297\" alt=\"\" src=\"https:\/\/boutique.flutapa.fr\/wp-content\/uploads\/2025\/12\/c-025.20-Boit-A-Tou-s.webp\" data-object-fit=\"cover\"\/><span aria-hidden=\"true\" class=\"wp-block-cover__background has-background-dim-0 has-background-dim\"><\/span><div class=\"wp-block-cover__inner-container is-layout-flow wp-block-cover-is-layout-flow\">\n<h1 class=\"wp-block-heading has-text-align-left has-x-large-font-size\"><strong><a href=\"https:\/\/boutique.flutapa.fr\/index.php\/les-accessoires-les-boit-a-tou\/\" data-type=\"page\" data-id=\"67\">Bo\u00eet&rsquo; A Tou&rsquo;<\/a><\/strong><\/h1>\n<\/div><\/div>\n<\/div>\n","protected":false},"excerpt":{"rendered":"<p>Les Accessoires Retrouvez ici les Accessoires pour vos fl\u00fbtes fabriqu\u00e9s \u00e0 l&rsquo;atelier par mes soins Pr\u00e9sent&rsquo; Pap&rsquo; &#8211; Simple &#8211; Double &#8211; Triple<\/p>\n","protected":false},"author":1,"featured_media":0,"parent":0,"menu_order":0,"comment_status":"closed","ping_status":"closed","template":"","meta":{"_crdt_document":"","footnotes":""},"class_list":["post-1628","page","type-page","status-publish","hentry"],"_links":{"self":[{"href":"https:\/\/boutique.flutapa.fr\/index.php\/wp-json\/wp\/v2\/pages\/1628","targetHints":{"allow":["GET"]}}],"collection":[{"href":"https:\/\/boutique.flutapa.fr\/index.php\/wp-json\/wp\/v2\/pages"}],"about":[{"href":"https:\/\/boutique.flutapa.fr\/index.php\/wp-json\/wp\/v2\/types\/page"}],"author":[{"embeddable":true,"href":"https:\/\/boutique.flutapa.fr\/index.php\/wp-json\/wp\/v2\/users\/1"}],"replies":[{"embeddable":true,"href":"https:\/\/boutique.flutapa.fr\/index.php\/wp-json\/wp\/v2\/comments?post=1628"}],"version-history":[{"count":4,"href":"https:\/\/boutique.flutapa.fr\/index.php\/wp-json\/wp\/v2\/pages\/1628\/revisions"}],"predecessor-version":[{"id":1921,"href":"https:\/\/boutique.flutapa.fr\/index.php\/wp-json\/wp\/v2\/pages\/1628\/revisions\/1921"}],"wp:attachment":[{"href":"https:\/\/boutique.flutapa.fr\/index.php\/wp-json\/wp\/v2\/media?parent=1628"}],"curies":[{"name":"wp","href":"https:\/\/api.w.org\/{rel}","templated":true}]}}