{"id":1623,"date":"2026-04-03T14:03:35","date_gmt":"2026-04-03T12:03:35","guid":{"rendered":"https:\/\/boutique.flutapa.fr\/?page_id=1623"},"modified":"2026-04-07T14:33:48","modified_gmt":"2026-04-07T12:33:48","slug":"pap-flut","status":"publish","type":"page","link":"https:\/\/boutique.flutapa.fr\/index.php\/pap-flut\/","title":{"rendered":"Pap&rsquo; Fl\u00fbt&rsquo;"},"content":{"rendered":"\n<div class=\"wp-block-group alignfull has-global-padding is-layout-constrained wp-container-core-group-is-layout-0759c396 wp-block-group-is-layout-constrained\" style=\"margin-top:0;margin-bottom:0;padding-top:var(--wp--preset--spacing--50);padding-right:var(--wp--preset--spacing--50);padding-bottom:var(--wp--preset--spacing--50);padding-left:var(--wp--preset--spacing--50)\">\n<div class=\"wp-block-group alignfull has-accent-background-color has-background has-global-padding is-layout-constrained wp-block-group-is-layout-constrained\">\n<h1 class=\"wp-block-heading alignfull\" style=\"font-size:clamp(50.171px, 3.136rem + ((1vw - 3.2px) * 5.191), 100px);\">Pap&rsquo; Fl\u00fbt&rsquo;<\/h1>\n\n\n\n<p class=\"has-text-align-center alignfull wp-block-paragraph\">Retrouvez ici toutes les Pap&rsquo; Fl\u00fbt&rsquo; cr\u00e9\u00e9es \u00e0 l&rsquo;atelier<\/p>\n<\/div>\n\n\n\n<div style=\"height:20px\" aria-hidden=\"true\" class=\"wp-block-spacer\"><\/div>\n\n\n\n<div class=\"wp-block-columns alignwide is-layout-flex wp-container-core-columns-is-layout-694ead9e wp-block-columns-is-layout-flex\" style=\"margin-top:0;margin-bottom:0\">\n<div class=\"wp-block-column is-layout-flow wp-container-core-column-is-layout-c6aab7f7 wp-block-column-is-layout-flow\">\n<div style=\"aspect-ratio:1;height:unset;min-height:unset;\" class=\"wp-block-cover has-custom-content-position is-position-top-right has-aspect-ratio\"><img loading=\"lazy\" decoding=\"async\" width=\"830\" height=\"830\" class=\"wp-block-cover__image-background wp-image-1525\" alt=\"\" src=\"https:\/\/boutique.flutapa.fr\/wp-content\/uploads\/2026\/04\/032.24-F-Pap-a-une-main-IB.webp\" data-object-fit=\"cover\" srcset=\"https:\/\/boutique.flutapa.fr\/wp-content\/uploads\/2026\/04\/032.24-F-Pap-a-une-main-IB.webp 830w, https:\/\/boutique.flutapa.fr\/wp-content\/uploads\/2026\/04\/032.24-F-Pap-a-une-main-IB-250x250.webp 250w, https:\/\/boutique.flutapa.fr\/wp-content\/uploads\/2026\/04\/032.24-F-Pap-a-une-main-IB-150x150.webp 150w, https:\/\/boutique.flutapa.fr\/wp-content\/uploads\/2026\/04\/032.24-F-Pap-a-une-main-IB-768x768.webp 768w\" sizes=\"auto, (max-width: 830px) 100vw, 830px\" \/><span aria-hidden=\"true\" class=\"wp-block-cover__background has-background-dim-0 has-background-dim\"><\/span><div class=\"wp-block-cover__inner-container is-layout-flow wp-block-cover-is-layout-flow\">\n<h1 class=\"wp-block-heading has-text-align-center has-x-large-font-size\" style=\"padding-right:var(--wp--preset--spacing--30)\"><strong><a href=\"https:\/\/boutique.flutapa.fr\/index.php\/pap-a-une-main\/\" data-type=\"page\" data-id=\"389\">Pap&rsquo; \u00e0 une main<\/a><\/strong><\/h1>\n<\/div><\/div>\n\n\n\n<div style=\"height:var(--wp--preset--spacing--50)\" aria-hidden=\"true\" class=\"wp-block-spacer\"><\/div>\n\n\n\n<div class=\"wp-block-cover has-custom-content-position is-position-top-right has-aspect-ratio\" style=\"padding-right:var(--wp--preset--spacing--20);aspect-ratio:1;height:unset;min-height:unset;\"><img loading=\"lazy\" decoding=\"async\" width=\"830\" height=\"830\" class=\"wp-block-cover__image-background wp-image-1602\" alt=\"\" src=\"https:\/\/boutique.flutapa.fr\/wp-content\/uploads\/2026\/04\/106.25-F-G-pap-Harmonia-IB.webp\" data-object-fit=\"cover\" srcset=\"https:\/\/boutique.flutapa.fr\/wp-content\/uploads\/2026\/04\/106.25-F-G-pap-Harmonia-IB.webp 830w, https:\/\/boutique.flutapa.fr\/wp-content\/uploads\/2026\/04\/106.25-F-G-pap-Harmonia-IB-250x250.webp 250w, https:\/\/boutique.flutapa.fr\/wp-content\/uploads\/2026\/04\/106.25-F-G-pap-Harmonia-IB-150x150.webp 150w, https:\/\/boutique.flutapa.fr\/wp-content\/uploads\/2026\/04\/106.25-F-G-pap-Harmonia-IB-768x768.webp 768w\" sizes=\"auto, (max-width: 830px) 100vw, 830px\" \/><span aria-hidden=\"true\" class=\"wp-block-cover__background has-background-dim-0 has-background-dim\"><\/span><div class=\"wp-block-cover__inner-container is-layout-flow wp-block-cover-is-layout-flow\">\n<h1 class=\"wp-block-heading has-text-align-center has-x-large-font-size\"><strong><a href=\"https:\/\/boutique.flutapa.fr\/index.php\/pap-harmonia\/\" data-type=\"page\" data-id=\"1575\">Pap&rsquo; Harmonia<\/a><\/strong><\/h1>\n<\/div><\/div>\n<\/div>\n\n\n\n<div class=\"wp-block-column is-layout-flow wp-container-core-column-is-layout-c6aab7f7 wp-block-column-is-layout-flow\">\n<div style=\"height:var(--wp--preset--spacing--50)\" aria-hidden=\"true\" class=\"wp-block-spacer\"><\/div>\n\n\n\n<div class=\"wp-block-cover has-custom-content-position is-position-top-right has-aspect-ratio\" style=\"padding-right:var(--wp--preset--spacing--30);aspect-ratio:1;height:unset;min-height:unset;\"><img loading=\"lazy\" decoding=\"async\" width=\"830\" height=\"830\" class=\"wp-block-cover__image-background wp-image-1086\" alt=\"\" src=\"https:\/\/boutique.flutapa.fr\/wp-content\/uploads\/2026\/03\/095.25-pe-IB.webp\" data-object-fit=\"cover\"\/><span aria-hidden=\"true\" class=\"wp-block-cover__background has-background-dim-0 has-background-dim\"><\/span><div class=\"wp-block-cover__inner-container is-layout-flow wp-block-cover-is-layout-flow\">\n<h1 class=\"wp-block-heading has-text-align-center has-x-large-font-size\"><strong><a href=\"https:\/\/boutique.flutapa.fr\/index.php\/pap-eol\/\" data-type=\"page\" data-id=\"373\">Pap&rsquo; Eol <\/a><\/strong><\/h1>\n<\/div><\/div>\n\n\n\n<div style=\"height:var(--wp--preset--spacing--50)\" aria-hidden=\"true\" class=\"wp-block-spacer\"><\/div>\n<\/div>\n<\/div>\n<\/div>\n","protected":false},"excerpt":{"rendered":"<p>Pap&rsquo; Fl\u00fbt&rsquo; Retrouvez ici toutes les Pap&rsquo; Fl\u00fbt&rsquo; cr\u00e9\u00e9es \u00e0 l&rsquo;atelier<\/p>\n","protected":false},"author":1,"featured_media":0,"parent":0,"menu_order":0,"comment_status":"closed","ping_status":"closed","template":"","meta":{"_crdt_document":"","footnotes":""},"class_list":["post-1623","page","type-page","status-publish","hentry"],"_links":{"self":[{"href":"https:\/\/boutique.flutapa.fr\/index.php\/wp-json\/wp\/v2\/pages\/1623","targetHints":{"allow":["GET"]}}],"collection":[{"href":"https:\/\/boutique.flutapa.fr\/index.php\/wp-json\/wp\/v2\/pages"}],"about":[{"href":"https:\/\/boutique.flutapa.fr\/index.php\/wp-json\/wp\/v2\/types\/page"}],"author":[{"embeddable":true,"href":"https:\/\/boutique.flutapa.fr\/index.php\/wp-json\/wp\/v2\/users\/1"}],"replies":[{"embeddable":true,"href":"https:\/\/boutique.flutapa.fr\/index.php\/wp-json\/wp\/v2\/comments?post=1623"}],"version-history":[{"count":2,"href":"https:\/\/boutique.flutapa.fr\/index.php\/wp-json\/wp\/v2\/pages\/1623\/revisions"}],"predecessor-version":[{"id":1928,"href":"https:\/\/boutique.flutapa.fr\/index.php\/wp-json\/wp\/v2\/pages\/1623\/revisions\/1928"}],"wp:attachment":[{"href":"https:\/\/boutique.flutapa.fr\/index.php\/wp-json\/wp\/v2\/media?parent=1623"}],"curies":[{"name":"wp","href":"https:\/\/api.w.org\/{rel}","templated":true}]}}